{"id":402,"date":"2020-04-15T13:18:55","date_gmt":"2020-04-15T13:18:55","guid":{"rendered":"https:\/\/esu-ufe.eu\/de\/?page_id=402"},"modified":"2020-04-15T13:18:55","modified_gmt":"2020-04-15T13:18:55","slug":"europas-schausteller-im-schulterschluss","status":"publish","type":"page","link":"https:\/\/esu-ufe.eu\/de\/europas-schausteller-im-schulterschluss\/","title":{"rendered":"Europas Schausteller im Schulterschluss"},"content":{"rendered":"<h2>Europas Schausteller im Schulterschluss<\/h2>\n<h3>Erfolgreiche 41. Generalversammlung der Europ\u00e4ischen Schausteller-Union in Wien<\/h3>\n<p>Die Aussicht ist einfach spektakul\u00e4r \u2013 allenfalls vergleichbar mit einer Fahrt im Prater Riesenrad: Hoch \u00fcber den D\u00e4chern von Wien bietet die Christoph-Leitl-Lounge in der Wirtschaftskammer \u00d6sterreich (WKO) einen atemberaubenden Blick \u00fcber die Donaumetropole. Auf Einladung der \u00f6sterreichischen Schausteller trafen sich am 30. Januar in dem exklusiven Tagungsort im Haus der Wiener Wirtschaft Vertreter von zehn nationalen Schaustellerverb\u00e4nden zum 41. Kongress der Europ\u00e4ischen Schausteller-Union. Die Generalversammlung bildete den Abschluss des internationalen Schaustellertreffens, das zum vierten Mal in Wien stattfand.<\/p>\n<p>In seiner Begr\u00fc\u00dfung betonte WKO-Pr\u00e4sident Harald Mahrer die wirtschaftliche und kulturelle Bedeutung der Volksfeste. \u201eSchausteller machen unsere Freizeit zu unserem Vergn\u00fcgen\u201c, erkl\u00e4rte Mahrer, \u201esie verbinden Tradition und Innovation. Sie sind bunt und vielf\u00e4ltig. Umso mehr freue ich mich \u00fcber die enge Bindung zu unserem Haus der Wirtschaft, wo wir ihnen die B\u00fchne bieten d\u00fcrfen, die ihnen geb\u00fchrt.\u201c<\/p>\n<p>Pr\u00e4sident Albert Ritter dankte Harald Mahrer f\u00fcr die herzliche Gastfreundschaft. Unter gro\u00dfem Applaus der Delegierten verwies Albert Ritter auf die ausgezeichnete Organisation des Kongresses durch das Team des Fachverbands rund um Obmann Heimo Medwed und Gesch\u00e4ftsf\u00fchrer Bernhard Gerstberger.<\/p>\n<p>Zu Beginn der Arbeitstagung gaben Pr\u00e4sident Albert Ritter und Generalsekret\u00e4r Steve Severeyns einen \u00dcberblick \u00fcber die ESU-T\u00e4tigkeiten im vergangenen Gesch\u00e4ftsjahr. Mit Blick auf die Forderung der ESU nach Anerkennung des Kulturguts Volksfest als Immaterielles Kulturerbe durch die UNESCO verwies der Pr\u00e4sident auf die Bedeutung der Arbeit auf europ\u00e4ischer Ebene und in den nationalen Parlamenten.<\/p>\n<p>Nach Vorstellung der Arbeitsergebnisse referierte DSB-Hauptgesch\u00e4ftsf\u00fchrer Frank Hakelberg \u00fcber aktuelle Schaustellerthemen in Deutschland, wie den Arbeitskr\u00e4ftemangel, die Umsetzung der EN 13814 und die Sicherheit auf Volksfestpl\u00e4tzen. Die europaweite Diskussion dieser Themen sei, wie Pr\u00e4sident Ritter erkl\u00e4rte, von gro\u00dfer Bedeutung, da sie schon heute oder in naher Zukunft auch die Betriebe in den europ\u00e4ischen Nachbarl\u00e4ndern betreffen w\u00fcrden.<\/p>\n<p>Im Anschluss an den Vortrag diskutierten die Delegierten weitere aktuelle Themen aus den ESU-Verb\u00e4nden. So informierten die Verbandsvertreter \u00fcber den Stand der Aufnahme der Volksfeste in die jeweiligen nationalen Listen des immateriellen Kulturerbes.<\/p>\n<p>Generalsekret\u00e4r Severeyns gab einen \u00dcberblick zum Thema Verbot von Feuerwerken. So seien in Belgien private Feuerwerke seit einem Jahr generell verboten. Erlaubt seien nur noch Feuerwerke, die von der Stadt organisiert w\u00fcrden. Im Zusammenhang mit der aktuellen Klimadebatte und die Diskussionen um Feinstaubbelastungen erkl\u00e4rte Pr\u00e4sident Ritter, dass die Schaustellerbranche bereits vor vielen Jahren Standards f\u00fcr Volksfeste entwickelt habe und somit quasi Vorreiter f\u00fcr umweltbewusstes Handeln gewesen sei. So seien Beleuchtungssysteme auf den Volksfesten bereits auf energiesparende LED-Lichttechnik umger\u00fcstet worden, als das Gl\u00fchlampen-Verbot noch gar nicht auf der politischen Agenda stand.<\/p>\n<p>Mit den turnusm\u00e4\u00dfigen Pr\u00e4sidiumswahlen endete die 41. Konferenz der Europ\u00e4ischen Schausteller-Union 2020 in Wien.<\/p>\n<p><strong>Ergebnisse Pr\u00e4sidiumswahlen<\/strong><br \/>\n<strong>Europ\u00e4ische Schausteller-Union<\/strong><br \/>\n\u2022 Pr\u00e4sident Albert Ritter (Deutschland)<br \/>\n\u2022 Vizepr\u00e4sident Atze J. Lubach-Koers (Niederlande)<br \/>\n\u2022 Vizepr\u00e4sident Charles Senn (Schweiz)<br \/>\n\u2022 Vizepr\u00e4sident Franck Delforge (Belgien)<br \/>\n\u2022 Vizepr\u00e4sident Chris Piper (Irland)<br \/>\n\u2022 Generalsekret\u00e4r Steve Severeyns (Belgien)<br \/>\n\u2022 Stv. Generalsekret\u00e4rin Nina Crommelin (Deutschland)<br \/>\n\u2022 Kassenrevisor Wilhelm Schemel (Deutschland)<\/p>\n<p><strong>Europ\u00e4ische Schaustellerfrauen-Union<\/strong><br \/>\n\u2022 Pr\u00e4sidentin Rosa Severeyns (Belgien)<br \/>\n\u2022 Vizepr\u00e4sidentin Anika Theunisz (Niederlande)<br \/>\n\u2022 Vizepr\u00e4sidentin Jenny Bossle (Deutschland)<\/p>\n<p><strong>Europ\u00e4ische Schausteller Jugend-Union<\/strong><br \/>\n\u2022 Pr\u00e4sident Kevin Kratzsch (Deutschland)<br \/>\n\u2022 Vizepr\u00e4sident Bernhard Parpalloni (Deutschland)<br \/>\n\u2022 Vizepr\u00e4sident Ricardo Senn (Schweiz)<br \/>\n\u2022 Finanzen Steven Kratzsch (Deutschland)<br \/>\n\u2022 Schriftf\u00fchrer Julius Kritz (Deutschland)<\/p>\n","protected":false},"excerpt":{"rendered":"<p>Europas Schausteller im Schulterschluss Erfolgreiche 41. Generalversammlung der Europ\u00e4ischen Schausteller-Union in Wien Die Aussicht ist einfach spektakul\u00e4r \u2013 allenfalls vergleichbar mit einer Fahrt im Prater Riesenrad: Hoch \u00fcber den D\u00e4chern von Wien bietet die Christoph-Leitl-Lounge in der Wirtschaftskammer \u00d6sterreich (WKO) einen atemberaubenden Blick \u00fcber die Donaumetropole. Auf Einladung der \u00f6sterreichischen Schausteller trafen sich am 30. [&hellip;]<\/p>\n","protected":false},"author":1,"featured_media":0,"parent":0,"menu_order":0,"comment_status":"closed","ping_status":"closed","template":"","meta":{"footnotes":""},"class_list":["post-402","page","type-page","status-publish","hentry"],"_links":{"self":[{"href":"https:\/\/esu-ufe.eu\/de\/wp-json\/wp\/v2\/pages\/402","targetHints":{"allow":["GET"]}}],"collection":[{"href":"https:\/\/esu-ufe.eu\/de\/wp-json\/wp\/v2\/pages"}],"about":[{"href":"https:\/\/esu-ufe.eu\/de\/wp-json\/wp\/v2\/types\/page"}],"author":[{"embeddable":true,"href":"https:\/\/esu-ufe.eu\/de\/wp-json\/wp\/v2\/users\/1"}],"replies":[{"embeddable":true,"href":"https:\/\/esu-ufe.eu\/de\/wp-json\/wp\/v2\/comments?post=402"}],"version-history":[{"count":2,"href":"https:\/\/esu-ufe.eu\/de\/wp-json\/wp\/v2\/pages\/402\/revisions"}],"predecessor-version":[{"id":491,"href":"https:\/\/esu-ufe.eu\/de\/wp-json\/wp\/v2\/pages\/402\/revisions\/491"}],"wp:attachment":[{"href":"https:\/\/esu-ufe.eu\/de\/wp-json\/wp\/v2\/media?parent=402"}],"curies":[{"name":"wp","href":"https:\/\/api.w.org\/{rel}","templated":true}]}}