{"id":529,"date":"2023-05-26T13:58:55","date_gmt":"2023-05-26T13:58:55","guid":{"rendered":"https:\/\/esu-ufe.eu\/de\/?page_id=529"},"modified":"2023-05-26T14:09:10","modified_gmt":"2023-05-26T14:09:10","slug":"ente","status":"publish","type":"page","link":"https:\/\/esu-ufe.eu\/de\/ente\/","title":{"rendered":"ENTE"},"content":{"rendered":"<p><img loading=\"lazy\" decoding=\"async\" class=\"alignnone size-medium wp-image-530\" src=\"https:\/\/esu-ufe.eu\/de\/wp-content\/uploads\/sites\/3\/2023\/05\/Eurochild-300x134.png\" alt=\"\" width=\"300\" height=\"134\" srcset=\"https:\/\/esu-ufe.eu\/de\/wp-content\/uploads\/sites\/3\/2023\/05\/Eurochild-300x134.png 300w, https:\/\/esu-ufe.eu\/de\/wp-content\/uploads\/sites\/3\/2023\/05\/Eurochild.png 336w\" sizes=\"auto, (max-width: 300px) 100vw, 300px\" \/><\/p>\n<p>&nbsp;<\/p>\n<p>Letzte Woche wurde ENTE, der Verein der sich auf europ\u00e4ischem Niveau f\u00fcr die Bildung von u.a. Schaustellerkindern einsetzt, als Mitglied von Eurochild zugelassen. Die ESU hat<\/p>\n<p>durch die Bef\u00fcrwortung der Mitgliedschaft wesentlich zur Aufnahme beigetragen!<\/p>\n<p>Bei Eurochild sind fast 200 Organisationen aus 41 L\u00e4ndern Mitglied.\u00a0 Dieses Netzwerk zeichnet sich durch seine Gr\u00f6\u00dfe und die enge Beziehung zur EU-Kommission aus. Themen, Projekte usw. die die ESU \u00fcber ENTE einreicht, k\u00f6nnen so schnell viel Aufmerksamkeit bekommen.<\/p>\n<p>&nbsp;<\/p>\n<p><img loading=\"lazy\" decoding=\"async\" class=\"alignnone wp-image-531 aligncenter\" src=\"https:\/\/esu-ufe.eu\/de\/wp-content\/uploads\/sites\/3\/2023\/05\/Eurochild-foto-300x194.jpg\" alt=\"\" width=\"479\" height=\"310\" srcset=\"https:\/\/esu-ufe.eu\/de\/wp-content\/uploads\/sites\/3\/2023\/05\/Eurochild-foto-300x194.jpg 300w, https:\/\/esu-ufe.eu\/de\/wp-content\/uploads\/sites\/3\/2023\/05\/Eurochild-foto-768x497.jpg 768w, https:\/\/esu-ufe.eu\/de\/wp-content\/uploads\/sites\/3\/2023\/05\/Eurochild-foto-1030x667.jpg 1030w, https:\/\/esu-ufe.eu\/de\/wp-content\/uploads\/sites\/3\/2023\/05\/Eurochild-foto-705x457.jpg 705w, https:\/\/esu-ufe.eu\/de\/wp-content\/uploads\/sites\/3\/2023\/05\/Eurochild-foto-450x291.jpg 450w, https:\/\/esu-ufe.eu\/de\/wp-content\/uploads\/sites\/3\/2023\/05\/Eurochild-foto.jpg 1433w\" sizes=\"auto, (max-width: 479px) 100vw, 479px\" \/><\/p>\n","protected":false},"excerpt":{"rendered":"<p>&nbsp; Letzte Woche wurde ENTE, der Verein der sich auf europ\u00e4ischem Niveau f\u00fcr die Bildung von u.a. Schaustellerkindern einsetzt, als Mitglied von Eurochild zugelassen. Die ESU hat durch die Bef\u00fcrwortung der Mitgliedschaft wesentlich zur Aufnahme beigetragen! Bei Eurochild sind fast 200 Organisationen aus 41 L\u00e4ndern Mitglied.\u00a0 Dieses Netzwerk zeichnet sich durch seine Gr\u00f6\u00dfe und die [&hellip;]<\/p>\n","protected":false},"author":1,"featured_media":0,"parent":0,"menu_order":0,"comment_status":"closed","ping_status":"closed","template":"","meta":{"footnotes":""},"class_list":["post-529","page","type-page","status-publish","hentry"],"_links":{"self":[{"href":"https:\/\/esu-ufe.eu\/de\/wp-json\/wp\/v2\/pages\/529","targetHints":{"allow":["GET"]}}],"collection":[{"href":"https:\/\/esu-ufe.eu\/de\/wp-json\/wp\/v2\/pages"}],"about":[{"href":"https:\/\/esu-ufe.eu\/de\/wp-json\/wp\/v2\/types\/page"}],"author":[{"embeddable":true,"href":"https:\/\/esu-ufe.eu\/de\/wp-json\/wp\/v2\/users\/1"}],"replies":[{"embeddable":true,"href":"https:\/\/esu-ufe.eu\/de\/wp-json\/wp\/v2\/comments?post=529"}],"version-history":[{"count":4,"href":"https:\/\/esu-ufe.eu\/de\/wp-json\/wp\/v2\/pages\/529\/revisions"}],"predecessor-version":[{"id":536,"href":"https:\/\/esu-ufe.eu\/de\/wp-json\/wp\/v2\/pages\/529\/revisions\/536"}],"wp:attachment":[{"href":"https:\/\/esu-ufe.eu\/de\/wp-json\/wp\/v2\/media?parent=529"}],"curies":[{"name":"wp","href":"https:\/\/api.w.org\/{rel}","templated":true}]}}