{"id":28,"date":"2020-04-21T13:15:57","date_gmt":"2020-04-21T13:15:57","guid":{"rendered":"https:\/\/esu-ufe.eu\/en\/?page_id=28"},"modified":"2023-03-17T10:25:12","modified_gmt":"2023-03-17T10:25:12","slug":"national-associations","status":"publish","type":"page","link":"https:\/\/esu-ufe.eu\/en\/national-associations\/","title":{"rendered":"National associations"},"content":{"rendered":"<div class=\"flex_column av_one_half  flex_column_div av-zero-column-padding first  \" style='border-radius:0px; '><section class=\"av_textblock_section \"  itemscope=\"itemscope\" itemtype=\"https:\/\/schema.org\/CreativeWork\" ><div class='avia_textblock  '   itemprop=\"text\" ><h3>EUR<\/h3>\n<p><span style=\"vertical-align: inherit;\">EUROP\u00c4ISCHER FRAUENBUND c \/ o secretariaat-generaal ESU \/ UFE-Berlijn <\/span><br \/>\n<span style=\"vertical-align: inherit;\">Voorzitter: Marlies L\u00f6wenthal <\/span><br \/>\n<span style=\"vertical-align: inherit;\">Bremer Heerstrasse 21 <\/span><br \/>\n<span style=\"vertical-align: inherit;\">D-27751 Delmenhorst <\/span><br \/>\n<span style=\"vertical-align: inherit;\">Mobiel: 0049 (0) 17855 01570; <\/span><br \/>\n<span style=\"vertical-align: inherit;\">Fax: 0049 (0) 422 1973301 <\/span><br \/>\n<span style=\"vertical-align: inherit;\">E-mail:\u00a0 <\/span><a href=\"mailto:etwasmeer@aol.com\"><span style=\"vertical-align: inherit;\">enigszinsmeer@aol.com<\/span><\/a><\/p>\n<\/div><\/section><\/div>\n<div class=\"flex_column av_one_half  flex_column_div av-zero-column-padding   \" style='border-radius:0px; '><section class=\"av_textblock_section \"  itemscope=\"itemscope\" itemtype=\"https:\/\/schema.org\/CreativeWork\" ><div class='avia_textblock  '   itemprop=\"text\" ><h3>EUR<\/h3>\n<p><span style=\"vertical-align: inherit;\">EUROPESE EXPOSANTEN <\/span><br \/>\n<span style=\"vertical-align: inherit;\">JEUGD-UNIE-ESJU <\/span><br \/>\n<span style=\"vertical-align: inherit;\">Voorzitter: Kevin Kratzsch <\/span><br \/>\n<span style=\"vertical-align: inherit;\">E-mail: kevin_kratzsch@muenster.de<\/span><\/p>\n<\/div><\/section><\/div>\n<div class=\"flex_column av_one_half  flex_column_div av-zero-column-padding first  \" style='border-radius:0px; '><section class=\"av_textblock_section \"  itemscope=\"itemscope\" itemtype=\"https:\/\/schema.org\/CreativeWork\" ><div class='avia_textblock  '   itemprop=\"text\" ><h3>EUR<\/h3>\n<p><span style=\"vertical-align: inherit;\">EUROPEAN CIRCUS EN SHOW EXECUTOR SECURITY <\/span><br \/>\n<span style=\"vertical-align: inherit;\">Secretaris-Generaal: Aalmoezenier BEM van Welzenes <\/span><br \/>\n<span style=\"vertical-align: inherit;\">Postbus 390 <\/span><br \/>\n<span style=\"vertical-align: inherit;\">NL-6500 AJ NIJMEGEN <\/span><br \/>\n<span style=\"vertical-align: inherit;\">Tel.: 0031 (0) 24 377 7575 <\/span><br \/>\n<span style=\"vertical-align: inherit;\">Mobiel.: 0031 (0) 655 356 666 <\/span><br \/>\n<span style=\"vertical-align: inherit;\">E-mail:\u00a0 <\/span><a href=\"mailto:info@kscc.nl\"><span style=\"vertical-align: inherit;\">info@kscc.nl <\/span><\/a><br \/>\n<a href=\"http:\/\/www.kscc.nl\/\"><span style=\"vertical-align: inherit;\">www .kscc.nl<\/span><\/a><\/p>\n<\/div><\/section><\/div>\n<div class=\"flex_column av_one_half  flex_column_div av-zero-column-padding   \" style='border-radius:0px; '><section class=\"av_textblock_section \"  itemscope=\"itemscope\" itemtype=\"https:\/\/schema.org\/CreativeWork\" ><div class='avia_textblock  '   itemprop=\"text\" ><h3>EUR<\/h3>\n<p><span style=\"vertical-align: inherit;\">KATHOLIEK CIRCUS SCHAUSTELLER-SEELSORGE <\/span><br \/>\n<span style=\"vertical-align: inherit;\">Pastor Sascha Ellinghaus <\/span><br \/>\n<span style=\"vertical-align: inherit;\">Duitse bisschoppenconferentie <\/span><br \/>\n<span style=\"vertical-align: inherit;\">Kaiser-Friedrich-Strasse 9 <\/span><br \/>\n<span style=\"vertical-align: inherit;\">D-53113 Bonn <\/span><br \/>\n<span style=\"vertical-align: inherit;\">Tel: 0049 (0) 228 2439 401 <\/span><br \/>\n<span style=\"vertical-align: inherit;\">Fax 0049 (0) 228 2439 414<\/span><\/p>\n<\/div><\/section><\/div>\n<div class=\"flex_column av_one_half  flex_column_div av-zero-column-padding first  \" style='border-radius:0px; '><section class=\"av_textblock_section \"  itemscope=\"itemscope\" itemtype=\"https:\/\/schema.org\/CreativeWork\" ><div class='avia_textblock  '   itemprop=\"text\" ><h3>A<\/h3>\n<p><span style=\"vertical-align: inherit;\">SPECIALIST ASSOCIATION OF THE Cinema, Culture and Entertainment Enterprises of <\/span><br \/>\n<span style=\"vertical-align: inherit;\">AUSTRIA WK\u00d6, <\/span><br \/>\n<span style=\"vertical-align: inherit;\">contactpersoon: Mag. Bernhard Gerstberger <\/span><br \/>\n<span style=\"vertical-align: inherit;\">Wiedner Hauptstr. 63, A-1045 Wenen <\/span><br \/>\n<span style=\"vertical-align: inherit;\">Tel.0043 (0) 590 900 3471, <\/span><br \/>\n<span style=\"vertical-align: inherit;\">fax. 0043 (0) 590 900 &#8211; 3526 <\/span><br \/>\n<a href=\"http:\/\/www.vergnuegungsbetriebe.at\/\"><span style=\"vertical-align: inherit;\">www.kino-kultur-vergnuegen.at<\/span><\/a><br \/>\n<span style=\"vertical-align: inherit;\"> E-mail:\u00a0 <\/span><a href=\"mailto:vergnuegungsbetriebe@wko.at\"><span style=\"vertical-align: inherit;\">kino-kultur-vergnuegen@wko.at<\/span><\/a><\/p>\n<\/div><\/section><\/div>\n<div class=\"flex_column av_one_half  flex_column_div av-zero-column-padding   \" style='border-radius:0px; '><section class=\"av_textblock_section \"  itemscope=\"itemscope\" itemtype=\"https:\/\/schema.org\/CreativeWork\" ><div class='avia_textblock  '   itemprop=\"text\" ><h3>A<\/h3>\n<p><span style=\"vertical-align: inherit;\">Voorzitter Comm. Raad Heimo MEDWED <\/span><br \/>\n<span style=\"vertical-align: inherit;\">Emil-Kahr-Weg 13, A-8101 Gratkorn <\/span><br \/>\n<span style=\"vertical-align: inherit;\">Mobiel: 0043 (0) 664 3407481 <\/span><br \/>\n<span style=\"vertical-align: inherit;\">E-mail: <\/span><a href=\"mailto:medwed@simulationen.at\"><span style=\"vertical-align: inherit;\">medwed@simulationen.at<\/span><\/a><\/p>\n<\/div><\/section><\/div>\n<div class=\"flex_column av_one_half  flex_column_div av-zero-column-padding first  \" style='border-radius:0px; '><section class=\"av_textblock_section \"  itemscope=\"itemscope\" itemtype=\"https:\/\/schema.org\/CreativeWork\" ><div class='avia_textblock  '   itemprop=\"text\" ><h3>B<\/h3>\n<p><span style=\"vertical-align: inherit;\">UNION F\u00c8D\u00c9RALE D`EXPOLITATIES BLIJFT; <\/span><br \/>\n<span style=\"vertical-align: inherit;\">75, Vri\u00e8restraat, B-1020 Brussel <\/span><br \/>\n<span style=\"vertical-align: inherit;\">Fax. 0032 (0) 13 290 504 <\/span><br \/>\n<span style=\"vertical-align: inherit;\">E-mail:\u00a0 <\/span><a href=\"mailto:bfke2006@gmail.com\"><span style=\"vertical-align: inherit;\">bfke2006@gmail.com<\/span><\/a><br \/>\n<span style=\"vertical-align: inherit;\">President Dimitri Delforge<\/span><br \/>\n<span style=\"vertical-align: inherit;\">E-mail: <\/span><a href=\"mailto:bfke@tiscali.be\"><span style=\"vertical-align: inherit;\">bfke@tiscali.be<\/span><\/a><br \/>\n<span style=\"vertical-align: inherit;\"> Mobiel 0032 (0) 475 31 38 11<\/span><\/p>\n<\/div><\/section><\/div>\n<div class=\"flex_column av_one_half  flex_column_div av-zero-column-padding   \" style='border-radius:0px; '><section class=\"av_textblock_section \"  itemscope=\"itemscope\" itemtype=\"https:\/\/schema.org\/CreativeWork\" ><div class='avia_textblock  '   itemprop=\"text\" ><h3>B<\/h3>\n<p><span style=\"vertical-align: inherit;\">DFB-VBF <\/span><br \/>\n<span style=\"vertical-align: inherit;\">Boulevard Emile Bockstael, 209 <\/span><br \/>\n<span style=\"vertical-align: inherit;\">1000, Bruxelles <\/span><br \/>\n<span style=\"vertical-align: inherit;\">President Louis Dotremont <\/span><br \/>\n<span style=\"vertical-align: inherit;\">General Sekretaris, Franck Delforge <\/span><br \/>\n<a href=\"http:\/\/www.dfb-vbf.be\/\"><span style=\"vertical-align: inherit;\">www.dfb-vbf.be<\/span><\/a><br \/>\n<span style=\"vertical-align: inherit;\"> E-mail:\u00a0 <\/span><a href=\"mailto:vbfdfb@msn.com\"><span style=\"vertical-align: inherit;\">vbfdfb@msn.com<\/span><\/a><br \/>\n<span style=\"vertical-align: inherit;\"> Tel.: 0032 475 241 478<\/span><\/p>\n<\/div><\/section><\/div>\n<div class=\"flex_column av_one_half  flex_column_div av-zero-column-padding first  \" style='border-radius:0px; '><section class=\"av_textblock_section \"  itemscope=\"itemscope\" itemtype=\"https:\/\/schema.org\/CreativeWork\" ><div class='avia_textblock  '   itemprop=\"text\" ><h3>CH<\/h3>\n<p><span style=\"vertical-align: inherit;\">VERENIGING FORAINE DE LA SUISSE ROMANDE <\/span><br \/>\n<span style=\"vertical-align: inherit;\">Avenue du Premier- Mars18 Case Postale 271 <\/span><br \/>\n<span style=\"vertical-align: inherit;\">CH &#8211; 2001 Neuchatel <\/span><br \/>\n<span style=\"vertical-align: inherit;\">Tel: 0041 (0) 32 7244 235, <\/span><br \/>\n<span style=\"vertical-align: inherit;\">Fax: 0041 (0) 32 7244 254 <\/span><br \/>\n<span style=\"vertical-align: inherit;\">President mevrouw Chantal WETZEL<\/span><\/p>\n<\/div><\/section><\/div>\n<div class=\"flex_column av_one_half  flex_column_div av-zero-column-padding   \" style='border-radius:0px; '><section class=\"av_textblock_section \"  itemscope=\"itemscope\" itemtype=\"https:\/\/schema.org\/CreativeWork\" ><div class='avia_textblock  '   itemprop=\"text\" ><h3>CH<\/h3>\n<p>VEREINIGTE SCHAUSTELLERVERB\u00c4NDE DER SCHWEIZ,<br \/>\nPr\u00e4s. Charles SENN<br \/>\nMainaustrasse 17, CH &#8211; 8008 Z\u00fcrich<br \/>\nTel\/Fax 0041 (0)1383 7979<br \/>\nMobil:0041 (0)79 4003 434<br \/>\nEmail:\u00a0<a href=\"mailto:charles.senn@bluemail.ch\">charles.senn@bluemail.ch<\/a><\/p>\n<\/div><\/section><\/div>\n<div class=\"flex_column av_one_half  flex_column_div av-zero-column-padding first  \" style='border-radius:0px; '><section class=\"av_textblock_section \"  itemscope=\"itemscope\" itemtype=\"https:\/\/schema.org\/CreativeWork\" ><div class='avia_textblock  '   itemprop=\"text\" ><h3>CZ<\/h3>\n<p>CESKA ASOCIACE MAJITELU ATRAKCI LUNAPARKOVYCH ZARIZENI, CIRKUSU, VARIETE A STANKOVEHO PRODEJE<br \/>\nPr\u00e4s. Matej Nov\u00fd<br \/>\nObiln\u00ed 16,<br \/>\nCZ 643 00 Brno<br \/>\nTel\/fax: 0042 (0)545 219 737<br \/>\nMobil: 0042 (0)602 702\u00a0 901<br \/>\nEmail:\u00a0<a href=\"mailto:novy@lunaparky.cz\">novy@lunaparky.cz<\/a><br \/>\n<a href=\"mailto:Berondini@Seznam.cz\">Berondini@Seznam.cz<\/a><br \/>\n<a href=\"http:\/\/www.lunaparky.cz\/\">www.lunaparky.cz<\/a><\/p>\n<\/div><\/section><\/div>\n<div class=\"flex_column av_one_half  flex_column_div av-zero-column-padding   \" style='border-radius:0px; '><section class=\"av_textblock_section \"  itemscope=\"itemscope\" itemtype=\"https:\/\/schema.org\/CreativeWork\" ><div class='avia_textblock  '   itemprop=\"text\" ><\/div><\/section><\/div>\n<div class=\"flex_column av_one_half  flex_column_div av-zero-column-padding first  \" style='border-radius:0px; '><section class=\"av_textblock_section \"  itemscope=\"itemscope\" itemtype=\"https:\/\/schema.org\/CreativeWork\" ><div class='avia_textblock  '   itemprop=\"text\" ><h3>DE<\/h3>\n<p>BUNDESVERBAND DEUTSCHER SCHAUSTELLER U. MARKTKAUFLEUTE e.V.<br \/>\nAdenauerallee 48, D-53113 Bonn<\/p>\n<p>Tel.: 0049 (0)228 224 026 \/ 2219 59<br \/>\nFax: 0049 (0)228 22 19 36<br \/>\nEmail:\u00a0<a href=\"mailto:info@bsmev.de\">info@bsmev.de<\/a><br \/>\n<a href=\"http:\/\/www.bsmev.de\/\">www.bsmev.de<\/a><br \/>\nPr\u00e4sident: Hans-Peter Arens<\/p>\n<\/div><\/section><\/div>\n<div class=\"flex_column av_one_half  flex_column_div av-zero-column-padding   \" style='border-radius:0px; '><section class=\"av_textblock_section \"  itemscope=\"itemscope\" itemtype=\"https:\/\/schema.org\/CreativeWork\" ><div class='avia_textblock  '   itemprop=\"text\" ><h3>DE<\/h3>\n<p>DEUTSCHER SCHAUSTELLERBUND e.V. (GENERAL-SEKRETARIAT ESU\/UFE)<br \/>\nAm Weidendamm 1a<br \/>\nD-10117 Berlin<br \/>\nTel. 0049 590 09 9780,<br \/>\nFax. 0049 590 09 9787<br \/>\n<a href=\"http:\/\/www.dsbev.de\/\">www.dsbev.de<\/a><br \/>\nEmail:\u00a0<a href=\"mailto:mail@dsbev.de\">mail@dsbev.de<\/a><br \/>\nPr\u00e4s. Albert RITTER<br \/>\nSchnieringshof 8<br \/>\nD-45329 Essen<br \/>\nMobil 0049 (0)1577 274 8837<br \/>\nFax. 0049 (0)201 837 2277<br \/>\nEmail:\u00a0<a href=\"mailto:ritterA@dsbev.de\">ritterA@dsbev.de<\/a><\/p>\n<\/div><\/section><\/div>\n<div class=\"flex_column av_one_half  flex_column_div av-zero-column-padding first  \" style='border-radius:0px; '><section class=\"av_textblock_section \"  itemscope=\"itemscope\" itemtype=\"https:\/\/schema.org\/CreativeWork\" ><div class='avia_textblock  '   itemprop=\"text\" ><h3>DK<\/h3>\n<p>DANMARKS TIVOLI FORENING,<br \/>\nUdridervej 5 DK- 3400 Hilleroed<br \/>\nPr\u00e4s: Kjeld CHRISTENSEN<br \/>\nGronsundsvej 365<br \/>\nDK- 4871 Horbelev<br \/>\nTel: 0045 (0)5444 55 03<br \/>\n<a href=\"http:\/\/www.tivoli-land.dk\/\">www.tivoli-land.dk<\/a><br \/>\nEmail:\u00a0<a href=\"mailto:tivoli@tivoli-land.dk\">tivoli@tivoli-land.dk<\/a><\/p>\n<\/div><\/section><\/div>\n<div class=\"flex_column av_one_half  flex_column_div av-zero-column-padding   \" style='border-radius:0px; '><section class=\"av_textblock_section \"  itemscope=\"itemscope\" itemtype=\"https:\/\/schema.org\/CreativeWork\" ><div class='avia_textblock  '   itemprop=\"text\" ><h3>ES<\/h3>\n<p>CEIF CONFEDERACI\u00d3N ESPANOLA DE INDUSTRIALES FERIANTES \/ AIFNA ASOCIACI\u00d3N DE INDUSTRIALES FERIANTES DE NAVARRA<br \/>\n<a href=\"http:\/\/www.aifna.com\/\">www.aifna.com<\/a><br \/>\nEmail:\u00a0<a href=\"mailto:aifna@aifna.com\">aifna@aifna.com<\/a><br \/>\nPr\u00e4sident: Don Francisco Javier Molina G\u00f3mez<br \/>\nPlaza Los Fueros N 1-7D<br \/>\nE-31010 Baranain (Navarra)<br \/>\nmobiel: +34 &#8211; 6559 265 39<br \/>\nsecretario: Jose Javier Gold\u00e1raz Oteiza<br \/>\nTel.: 0034 (0)948 187 302<br \/>\nMobiel: 0034 (0)655 926 539<br \/>\nFax: 0034 (0)948 187 302<br \/>\nEmail:\u00a0<a href=\"mailto:jjoldaraz@gmail.com\">jjoldaraz@gmail.com<\/a><br \/>\nExtra contact: Herman Roels<br \/>\n<a href=\"http:\/\/www.ocioattracciones.com\/\">www.ocioatracciones.com<\/a><br \/>\nSanclemente 25,4*<br \/>\nE-5001 Zaragoza<br \/>\nTel.: 0034 (0)976 482 282<br \/>\nFax: 0034 (0)976 238 500<br \/>\nEmail:<a href=\"mailto:info@ocioatracciones.com\">info@ocioatracciones.com<\/a><\/p>\n<\/div><\/section><\/div>\n<div class=\"flex_column av_one_half  flex_column_div av-zero-column-padding first  \" style='border-radius:0px; '><section class=\"av_textblock_section \"  itemscope=\"itemscope\" itemtype=\"https:\/\/schema.org\/CreativeWork\" ><div class='avia_textblock  '   itemprop=\"text\" ><h3>F<\/h3>\n<p>Union D\u00e9fense Active Foraine (UDAF)<br \/>\nPr\u00e9sident: Peillex Jean-Claude<br \/>\nemail: maxipeluche@hotmail.fr<br \/>\nVice-Pr\u00e9sident: Eric Cic\u00e9ron<br \/>\nemail: ciceron-fiol@hotmail.fr<br \/>\nSyndicat National &#8211; Loi de 1884<br \/>\n6 Cours Forbin<br \/>\n13120 Gardanne &#8211; France<\/p>\n<\/div><\/section><\/div>\n<div class=\"flex_column av_one_half  flex_column_div av-zero-column-padding   \" style='border-radius:0px; '><section class=\"av_textblock_section \"  itemscope=\"itemscope\" itemtype=\"https:\/\/schema.org\/CreativeWork\" ><div class='avia_textblock  '   itemprop=\"text\" ><h3>F<\/h3>\n<p>ASSOCIATION PROFESSIONELLE PARCS ET LOISIRS<br \/>\nContact: Serge Naisse (Responsible des Relations Internationales) Koaland<br \/>\n5, Avenue de la Madone<br \/>\nF-06500 Menton<br \/>\nMobiel: 0033 (0) 6 0943 1254<br \/>\nEmail:\u00a0<a href=\"mailto:sergenaisse@hotmail.fr\">sergenaisse@hotmail.fr<\/a><\/p>\n<\/div><\/section><\/div>\n<div class=\"flex_column av_one_half  flex_column_div av-zero-column-padding first  \" style='border-radius:0px; '><section class=\"av_textblock_section \"  itemscope=\"itemscope\" itemtype=\"https:\/\/schema.org\/CreativeWork\" ><div class='avia_textblock  '   itemprop=\"text\" ><h3>F<\/h3>\n<p>SYNDICAT NATIONAL DES INDUSTRIELS FORAINS<br \/>\n32 Boulevard de Strasbourg,<br \/>\nF-75010 Paris<\/p>\n<p>Pr\u00e4s. G. MERIC<br \/>\nTel. 0033 153 348 125<br \/>\nFax. 0033 153 348 125 Contact National:<br \/>\nDaniel Pourrier, Pr\u00e9sident Syndicat Autonome des Forains France &#8211; SAFF<br \/>\n101, Avenue de Paris F 94160 Saint-Mand\u00e9l:<br \/>\n0033 (0) 6 0732 1601<\/p>\n<\/div><\/section><\/div>\n<div class=\"flex_column av_one_half  flex_column_div av-zero-column-padding   \" style='border-radius:0px; '><section class=\"av_textblock_section \"  itemscope=\"itemscope\" itemtype=\"https:\/\/schema.org\/CreativeWork\" ><div class='avia_textblock  '   itemprop=\"text\" ><\/div><\/section><\/div>\n<div class=\"flex_column av_one_half  flex_column_div av-zero-column-padding first  \" style='border-radius:0px; '><section class=\"av_textblock_section \"  itemscope=\"itemscope\" itemtype=\"https:\/\/schema.org\/CreativeWork\" ><div class='avia_textblock  '   itemprop=\"text\" ><h3>Fi<\/h3>\n<p>Tivoli Seiter\u00e4 Oy<br \/>\nMustajoentie 592<br \/>\n12600 L\u00e4yli\u00e4inen Finland<br \/>\nTuomo Seiter\u00e4:<br \/>\n00358 (0) 400 415 422<br \/>\nMari Seiter\u00e4:<br \/>\n0358 (0) 500 415 422<br \/>\nFax: 00358 (0) 420 415 422<br \/>\nEmail: mail@tivoliseitera.fi<br \/>\nwww.tivoliseitera.fi<\/p>\n<\/div><\/section><\/div>\n<div class=\"flex_column av_one_half  flex_column_div av-zero-column-padding   \" style='border-radius:0px; '><section class=\"av_textblock_section \"  itemscope=\"itemscope\" itemtype=\"https:\/\/schema.org\/CreativeWork\" ><div class='avia_textblock  '   itemprop=\"text\" ><h3>Fi<\/h3>\n<p>Finland: Finnish Carnival and Circus Association<br \/>\nTuomo Seiter\u00e4<br \/>\nVice President<br \/>\n<a href=\"mailto:tuomo.seitera@tivoliseitera.fi\">tuomo.seitera@tivoliseitera.fi<\/a><br \/>\ntel. +358 400 415 422<br \/>\nTivoli Seiter\u00e4 Oy<br \/>\n<a href=\"mailto:mail@tivoliseitera.fi\">mail@tivoliseitera.fi<\/a><\/p>\n<\/div><\/section><\/div>\n<div class=\"flex_column av_one_half  flex_column_div av-zero-column-padding first  \" style='border-radius:0px; '><section class=\"av_textblock_section \"  itemscope=\"itemscope\" itemtype=\"https:\/\/schema.org\/CreativeWork\" ><div class='avia_textblock  '   itemprop=\"text\" ><h3>GB<\/h3>\n<p>THE SHOWMEN\u00b4S GUILD OF<br \/>\nGREAT BRITAIN, Guild House,<br \/>\n41, Clarence Street, GB Staines<br \/>\nMiddlesex, TW 184SY<br \/>\nTel: 0044 1784 461 805\/6<br \/>\nFax: 0044 1784 461 732<br \/>\nwww.showmensguild.com<br \/>\ncontact: Denise Ablett<br \/>\n151A King Street Drighlington<br \/>\nBD11 1EJ<br \/>\nTel.: 0044 (0)113 285 3341<br \/>\nFax: 0044 (0) 113 285 3329<br \/>\nEmail: denise@showmensguild.com<\/p>\n<\/div><\/section><\/div>\n<div class=\"flex_column av_one_half  flex_column_div av-zero-column-padding   \" style='border-radius:0px; '><section class=\"av_textblock_section \"  itemscope=\"itemscope\" itemtype=\"https:\/\/schema.org\/CreativeWork\" ><div class='avia_textblock  '   itemprop=\"text\" ><h3>H<\/h3>\n<p>SUPRATECH,<br \/>\nNagyszalonta 54,<br \/>\nH-1112 Budapest<br \/>\nTel: 0036 (0)12471583<br \/>\nFax: 0036 (0)13090231<br \/>\nEmail: supra-tech@chello.hu Herr Gyula BENKE<br \/>\nJozef krt. 81,<br \/>\nH-1085 Budapest<\/p>\n<\/div><\/section><\/div>\n<div class=\"flex_column av_one_half  flex_column_div av-zero-column-padding first  \" style='border-radius:0px; '><section class=\"av_textblock_section \"  itemscope=\"itemscope\" itemtype=\"https:\/\/schema.org\/CreativeWork\" ><div class='avia_textblock  '   itemprop=\"text\" ><h3>IT<\/h3>\n<p>ASSOCIAZIONE NAZIONALE<br \/>\nESERCENTI SPETTACOLO<br \/>\nVIAGGIANTI<br \/>\nVia di Villa Patrizi 10<br \/>\nI-00161 Roma<br \/>\nTel.: 0039 (0) 6 4423 1454<br \/>\nEmail: info@anesv.it<\/p>\n<\/div><\/section><\/div>\n<div class=\"flex_column av_one_half  flex_column_div av-zero-column-padding   \" style='border-radius:0px; '><section class=\"av_textblock_section \"  itemscope=\"itemscope\" itemtype=\"https:\/\/schema.org\/CreativeWork\" ><div class='avia_textblock  '   itemprop=\"text\" ><h3>IRL<\/h3>\n<p>IRISH SHOWMEN\u00b4S GUILD LTD;<br \/>\nThe Secretary, Assoc. Irish Shomen&#8217;s Guild Kilglass<br \/>\nMitchelstown Co Cork<br \/>\nPresident: Russel Perks<br \/>\nSecretary: Patsy Fry<br \/>\nEmail:<br \/>\n<a href=\"mailto:irishshowmensguild@gmail.com\">irishshowmensguild@gmail.com<\/a><br \/>\n<a href=\"mailto:russel.perks@me.com\">russel.perks@me.com<\/a><\/p>\n<\/div><\/section><\/div>\n<div class=\"flex_column av_one_half  flex_column_div av-zero-column-padding first  \" style='border-radius:0px; '><section class=\"av_textblock_section \"  itemscope=\"itemscope\" itemtype=\"https:\/\/schema.org\/CreativeWork\" ><div class='avia_textblock  '   itemprop=\"text\" ><h3>L<\/h3>\n<p id=\"tw-target-text\" class=\"tw-data-text tw-text-large tw-ta\" dir=\"ltr\" data-placeholder=\"Vertaling\"><span class=\"Y2IQFc\" lang=\"nl\">F\u00e9d\u00e9ration national des commer\u00e7ants forains FNCF<\/span><br \/>\n7 Rue Alcide de Gasperi<br \/>\nLuxembourg-Kirchberg<br \/>\nL-1615 Luxembourg<br \/>\nTel.: 0043 (0)9444 717<br \/>\nFax: 0043 (0)9450<br \/>\nEmail: <a href=\"mailto:comitefncf@kiermes.lu\">comitefncf@kiermes.lu<\/a><\/p>\n<p dir=\"ltr\" data-placeholder=\"Vertaling\"><a href=\"https:\/\/kiermes.lu\">www.kiermes.lu<\/a><\/p>\n<p class=\"tw-data-text tw-text-large tw-ta\" dir=\"ltr\" data-placeholder=\"Vertaling\">Pr\u00e4s. Charles Hary<\/p>\n<\/div><\/section><\/div><div class=\"flex_column av_one_half  flex_column_div av-zero-column-padding   \" style='border-radius:0px; '><section class=\"av_textblock_section \"  itemscope=\"itemscope\" itemtype=\"https:\/\/schema.org\/CreativeWork\" ><div class='avia_textblock  '   itemprop=\"text\" ><p>Click here to add your own text<\/p>\n<\/div><\/section><\/div><\/p>\n<div class=\"flex_column av_one_half  flex_column_div av-zero-column-padding first  \" style='border-radius:0px; '><section class=\"av_textblock_section \"  itemscope=\"itemscope\" itemtype=\"https:\/\/schema.org\/CreativeWork\" ><div class='avia_textblock  '   itemprop=\"text\" ><h3>NL<\/h3>\n<p>BOVAK &#8211; NATIONALE BOND VAN KERMISBEDRIJFHOUDERS<br \/>\nAsselsestraat 102C<br \/>\nPostbus 521<br \/>\n7311 AM \u00a0Apeldoorn Holland<br \/>\ntel.: 0031 (0) 55 522 3748<br \/>\nFax: 0031 (0) 55 522 4365<br \/>\nE-mail: kermis@bovak.nl<br \/>\nwww.bovak.nl<br \/>\n<span style=\"vertical-align: inherit;\">President dhr. AJ Lubach-Koers <\/span><br \/>\n<span style=\"vertical-align: inherit;\">tel.: 0031 (0) 6 2214 1148<\/span><\/p>\n<\/div><\/section><\/div>\n<div class=\"flex_column av_one_half  flex_column_div av-zero-column-padding   \" style='border-radius:0px; '><section class=\"av_textblock_section \"  itemscope=\"itemscope\" itemtype=\"https:\/\/schema.org\/CreativeWork\" ><div class='avia_textblock  '   itemprop=\"text\" ><h3>NL<\/h3>\n<p>NKB Nederlandse Kermisbond<br \/>\nOudegracht 186<br \/>\n1811 CP \u00a0ALKMAAR Holland<br \/>\nTel.: 0031 (0) 72 512 3583<br \/>\nFax: 0031 (0) 72 512 1252<br \/>\nMob: 0031 (0) 6 5474 1500<br \/>\nEmail: kantoor@nkb-alkmaar.nl<br \/>\nwww.nkbinfo.nl<br \/>\nPr\u00e4sident N.A.M. de Boer<br \/>\nDirektor: Jan Boots<\/p>\n<\/div><\/section><\/div>\n<div class=\"flex_column av_one_half  flex_column_div av-zero-column-padding first  \" style='border-radius:0px; '><section class=\"av_textblock_section \"  itemscope=\"itemscope\" itemtype=\"https:\/\/schema.org\/CreativeWork\" ><div class='avia_textblock  '   itemprop=\"text\" ><h3>NO<\/h3>\n<p>TIVOLI UNION NORWAY<br \/>\nLunds Tivoli AS<br \/>\nPoB 53 N-4339 Algard Norway<br \/>\nPr\u00e4sident Bjorn Lund<br \/>\nTel.: 0047 (0) 5161 711<br \/>\nFax: 0047 (0) 5161 7688<br \/>\nEmail: info@kongeparken.no<br \/>\nwww.kongeparken.nl<\/p>\n<\/div><\/section><\/div>\n<div class=\"flex_column av_one_half  flex_column_div av-zero-column-padding   \" style='border-radius:0px; '><section class=\"av_textblock_section \"  itemscope=\"itemscope\" itemtype=\"https:\/\/schema.org\/CreativeWork\" ><div class='avia_textblock  '   itemprop=\"text\" ><\/div><\/section><\/div>\n<div class=\"flex_column av_one_half  flex_column_div av-zero-column-padding first  \" style='border-radius:0px; '><section class=\"av_textblock_section \"  itemscope=\"itemscope\" itemtype=\"https:\/\/schema.org\/CreativeWork\" ><div class='avia_textblock  '   itemprop=\"text\" ><h3>PL<\/h3>\n<p>STOWARZYSZENIE WYSTAWCOW POLSKICH<br \/>\nUL. Eterowa 19<br \/>\nPL 91-502 Lodz \/ POLSKA<br \/>\nPr\u00e4sident Blazej Niewinowski, tel: 0048 (0) 42 6598 337<br \/>\nFax: 0048 (0) 42 6404 497<br \/>\nMob.: 0048 (0) 502 150 500<br \/>\nEmail: m.niewinowska@interia.pl<\/p>\n<\/div><\/section><\/div>\n<div class=\"flex_column av_one_half  flex_column_div av-zero-column-padding   \" style='border-radius:0px; '><section class=\"av_textblock_section \"  itemscope=\"itemscope\" itemtype=\"https:\/\/schema.org\/CreativeWork\" ><div class='avia_textblock  '   itemprop=\"text\" ><h3>PT<\/h3>\n<p>ASSOCIAC\u00c3O PORTUGUESA DE EMPRESA DE DIVERS\u00c3O<br \/>\nTojeira 3270 &#8211; 141<br \/>\nPedr\u00f3g\u00e3o Grande<br \/>\nLe\u00edra &#8211; Portugal<br \/>\nPr\u00e4sident Luis Paulo Fernandes<br \/>\ntel.: 00351 (0) 914 862 937<br \/>\nEmail: apedcarrossels@gmail.com<br \/>\nhttp:\/\/apedcarrosseis.com\/<\/p>\n<\/div><\/section><\/div>\n<div class=\"flex_column av_one_half  flex_column_div av-zero-column-padding first  \" style='border-radius:0px; '><section class=\"av_textblock_section \"  itemscope=\"itemscope\" itemtype=\"https:\/\/schema.org\/CreativeWork\" ><div class='avia_textblock  '   itemprop=\"text\" ><h3>SE<\/h3>\n<p>SVERIGES TIVOLI\u00c4GEREF\u00d6RENING<br \/>\nPr\u00e4sident Frau Barbro H\u00e4gg<br \/>\n\u00d6lands Djurpark AB<br \/>\nSE &#8211; 386 90 F\u00e4rjestaden, SWEDEN<br \/>\nTel.: 0046 (0) 485 392 22<br \/>\nEmail: info@olandsdjurpark.com<br \/>\nwww.olandsdjurpark.com<\/p>\n<\/div><\/section><\/div>\n<div class=\"flex_column av_one_half  flex_column_div av-zero-column-padding   \" style='border-radius:0px; '><section class=\"av_textblock_section \"  itemscope=\"itemscope\" itemtype=\"https:\/\/schema.org\/CreativeWork\" ><div class='avia_textblock  '   itemprop=\"text\" ><\/div><\/section><\/div>\n","protected":false},"excerpt":{"rendered":"","protected":false},"author":1,"featured_media":0,"parent":0,"menu_order":0,"comment_status":"closed","ping_status":"closed","template":"","meta":{"footnotes":""},"class_list":["post-28","page","type-page","status-publish","hentry"],"_links":{"self":[{"href":"https:\/\/esu-ufe.eu\/en\/wp-json\/wp\/v2\/pages\/28","targetHints":{"allow":["GET"]}}],"collection":[{"href":"https:\/\/esu-ufe.eu\/en\/wp-json\/wp\/v2\/pages"}],"about":[{"href":"https:\/\/esu-ufe.eu\/en\/wp-json\/wp\/v2\/types\/page"}],"author":[{"embeddable":true,"href":"https:\/\/esu-ufe.eu\/en\/wp-json\/wp\/v2\/users\/1"}],"replies":[{"embeddable":true,"href":"https:\/\/esu-ufe.eu\/en\/wp-json\/wp\/v2\/comments?post=28"}],"version-history":[{"count":10,"href":"https:\/\/esu-ufe.eu\/en\/wp-json\/wp\/v2\/pages\/28\/revisions"}],"predecessor-version":[{"id":235,"href":"https:\/\/esu-ufe.eu\/en\/wp-json\/wp\/v2\/pages\/28\/revisions\/235"}],"wp:attachment":[{"href":"https:\/\/esu-ufe.eu\/en\/wp-json\/wp\/v2\/media?parent=28"}],"curies":[{"name":"wp","href":"https:\/\/api.w.org\/{rel}","templated":true}]}}