{"id":116,"date":"2023-05-26T14:01:55","date_gmt":"2023-05-26T14:01:55","guid":{"rendered":"https:\/\/esu-ufe.eu\/fr\/?page_id=116"},"modified":"2023-05-26T14:09:44","modified_gmt":"2023-05-26T14:09:44","slug":"ente","status":"publish","type":"page","link":"https:\/\/esu-ufe.eu\/fr\/ente\/","title":{"rendered":"ENTE"},"content":{"rendered":"<p><img loading=\"lazy\" decoding=\"async\" class=\"alignnone size-medium wp-image-117\" src=\"https:\/\/esu-ufe.eu\/fr\/wp-content\/uploads\/sites\/4\/2023\/05\/Eurochild-300x134.png\" alt=\"\" width=\"300\" height=\"134\" srcset=\"https:\/\/esu-ufe.eu\/fr\/wp-content\/uploads\/sites\/4\/2023\/05\/Eurochild-300x134.png 300w, https:\/\/esu-ufe.eu\/fr\/wp-content\/uploads\/sites\/4\/2023\/05\/Eurochild.png 336w\" sizes=\"auto, (max-width: 300px) 100vw, 300px\" \/><\/p>\n<p>&nbsp;<\/p>\n<p>La semaine derni\u00e8re, ENTE, l&#8217;association qui \u0153uvre au niveau europ\u00e9en pour l&#8217;\u00e9ducation des enfants de forains, entre autres, a \u00e9t\u00e9 agr\u00e9\u00e9e comme membre d&#8217;Eurochild. L&#8217;UES a contribu\u00e9<\/p>\n<p>largement contribu\u00e9 \u00e0 cette admission en pr\u00e9conisant l&#8217;adh\u00e9sion !<\/p>\n<p>Pr\u00e8s de 200 organisations de 41 pays sont membres d&#8217;Eurochild.\u00a0 Ce r\u00e9seau se caract\u00e9rise par sa taille et sa relation \u00e9troite avec la Commission europ\u00e9enne. Les th\u00e8mes, projets, etc. que l&#8217;UES soumet via ENTE peuvent ainsi rapidement b\u00e9n\u00e9ficier d&#8217;une grande attention.<\/p>\n<p><img loading=\"lazy\" decoding=\"async\" class=\"alignnone wp-image-118 aligncenter\" src=\"https:\/\/esu-ufe.eu\/fr\/wp-content\/uploads\/sites\/4\/2023\/05\/Eurochild-foto-300x194.jpg\" alt=\"\" width=\"470\" height=\"304\" srcset=\"https:\/\/esu-ufe.eu\/fr\/wp-content\/uploads\/sites\/4\/2023\/05\/Eurochild-foto-300x194.jpg 300w, https:\/\/esu-ufe.eu\/fr\/wp-content\/uploads\/sites\/4\/2023\/05\/Eurochild-foto-768x497.jpg 768w, https:\/\/esu-ufe.eu\/fr\/wp-content\/uploads\/sites\/4\/2023\/05\/Eurochild-foto-1030x667.jpg 1030w, https:\/\/esu-ufe.eu\/fr\/wp-content\/uploads\/sites\/4\/2023\/05\/Eurochild-foto-705x457.jpg 705w, https:\/\/esu-ufe.eu\/fr\/wp-content\/uploads\/sites\/4\/2023\/05\/Eurochild-foto-450x291.jpg 450w, https:\/\/esu-ufe.eu\/fr\/wp-content\/uploads\/sites\/4\/2023\/05\/Eurochild-foto.jpg 1433w\" sizes=\"auto, (max-width: 470px) 100vw, 470px\" \/><\/p>\n","protected":false},"excerpt":{"rendered":"<p>&nbsp; La semaine derni\u00e8re, ENTE, l&#8217;association qui \u0153uvre au niveau europ\u00e9en pour l&#8217;\u00e9ducation des enfants de forains, entre autres, a \u00e9t\u00e9 agr\u00e9\u00e9e comme membre d&#8217;Eurochild. L&#8217;UES a contribu\u00e9 largement contribu\u00e9 \u00e0 cette admission en pr\u00e9conisant l&#8217;adh\u00e9sion ! Pr\u00e8s de 200 organisations de 41 pays sont membres d&#8217;Eurochild.\u00a0 Ce r\u00e9seau se caract\u00e9rise par sa taille et [&hellip;]<\/p>\n","protected":false},"author":1,"featured_media":0,"parent":0,"menu_order":0,"comment_status":"closed","ping_status":"closed","template":"","meta":{"footnotes":""},"class_list":["post-116","page","type-page","status-publish","hentry"],"_links":{"self":[{"href":"https:\/\/esu-ufe.eu\/fr\/wp-json\/wp\/v2\/pages\/116","targetHints":{"allow":["GET"]}}],"collection":[{"href":"https:\/\/esu-ufe.eu\/fr\/wp-json\/wp\/v2\/pages"}],"about":[{"href":"https:\/\/esu-ufe.eu\/fr\/wp-json\/wp\/v2\/types\/page"}],"author":[{"embeddable":true,"href":"https:\/\/esu-ufe.eu\/fr\/wp-json\/wp\/v2\/users\/1"}],"replies":[{"embeddable":true,"href":"https:\/\/esu-ufe.eu\/fr\/wp-json\/wp\/v2\/comments?post=116"}],"version-history":[{"count":3,"href":"https:\/\/esu-ufe.eu\/fr\/wp-json\/wp\/v2\/pages\/116\/revisions"}],"predecessor-version":[{"id":121,"href":"https:\/\/esu-ufe.eu\/fr\/wp-json\/wp\/v2\/pages\/116\/revisions\/121"}],"wp:attachment":[{"href":"https:\/\/esu-ufe.eu\/fr\/wp-json\/wp\/v2\/media?parent=116"}],"curies":[{"name":"wp","href":"https:\/\/api.w.org\/{rel}","templated":true}]}}