{"id":143,"date":"2024-02-10T17:17:06","date_gmt":"2024-02-10T17:17:06","guid":{"rendered":"https:\/\/esu-ufe.eu\/fr\/?page_id=143"},"modified":"2024-02-10T17:18:15","modified_gmt":"2024-02-10T17:18:15","slug":"steve-severeyns","status":"publish","type":"page","link":"https:\/\/esu-ufe.eu\/fr\/steve-severeyns\/","title":{"rendered":"Steve Severeyns"},"content":{"rendered":"<h3 style=\"text-align: center;\">Steve Severeyns DBB-VBF<\/h3>\n<pre style=\"text-align: center;\">Aujourd\u2019hui j\u2019ai re\u00e7u le drapeau que mon grand p\u00e8re a port\u00e9 dans le temps. 1945 \ud83c\udde7\ud83c\uddea\ud83c\udfa0<\/pre>\n<p><img loading=\"lazy\" decoding=\"async\" class=\"alignnone wp-image-144 aligncenter\" src=\"https:\/\/esu-ufe.eu\/fr\/wp-content\/uploads\/sites\/4\/2024\/02\/Steve-225x300.jpeg\" alt=\"\" width=\"342\" height=\"456\" srcset=\"https:\/\/esu-ufe.eu\/fr\/wp-content\/uploads\/sites\/4\/2024\/02\/Steve-225x300.jpeg 225w, https:\/\/esu-ufe.eu\/fr\/wp-content\/uploads\/sites\/4\/2024\/02\/Steve-768x1024.jpeg 768w, https:\/\/esu-ufe.eu\/fr\/wp-content\/uploads\/sites\/4\/2024\/02\/Steve-773x1030.jpeg 773w, https:\/\/esu-ufe.eu\/fr\/wp-content\/uploads\/sites\/4\/2024\/02\/Steve-1125x1500.jpeg 1125w, https:\/\/esu-ufe.eu\/fr\/wp-content\/uploads\/sites\/4\/2024\/02\/Steve-529x705.jpeg 529w, https:\/\/esu-ufe.eu\/fr\/wp-content\/uploads\/sites\/4\/2024\/02\/Steve-450x600.jpeg 450w, https:\/\/esu-ufe.eu\/fr\/wp-content\/uploads\/sites\/4\/2024\/02\/Steve.jpeg 1536w\" sizes=\"auto, (max-width: 342px) 100vw, 342px\" \/><\/p>\n","protected":false},"excerpt":{"rendered":"<p>Steve Severeyns DBB-VBF Aujourd\u2019hui j\u2019ai re\u00e7u le drapeau que mon grand p\u00e8re a port\u00e9 dans le temps. 1945 \ud83c\udde7\ud83c\uddea\ud83c\udfa0<\/p>\n","protected":false},"author":1,"featured_media":0,"parent":0,"menu_order":0,"comment_status":"closed","ping_status":"closed","template":"","meta":{"footnotes":""},"class_list":["post-143","page","type-page","status-publish","hentry"],"_links":{"self":[{"href":"https:\/\/esu-ufe.eu\/fr\/wp-json\/wp\/v2\/pages\/143","targetHints":{"allow":["GET"]}}],"collection":[{"href":"https:\/\/esu-ufe.eu\/fr\/wp-json\/wp\/v2\/pages"}],"about":[{"href":"https:\/\/esu-ufe.eu\/fr\/wp-json\/wp\/v2\/types\/page"}],"author":[{"embeddable":true,"href":"https:\/\/esu-ufe.eu\/fr\/wp-json\/wp\/v2\/users\/1"}],"replies":[{"embeddable":true,"href":"https:\/\/esu-ufe.eu\/fr\/wp-json\/wp\/v2\/comments?post=143"}],"version-history":[{"count":4,"href":"https:\/\/esu-ufe.eu\/fr\/wp-json\/wp\/v2\/pages\/143\/revisions"}],"predecessor-version":[{"id":149,"href":"https:\/\/esu-ufe.eu\/fr\/wp-json\/wp\/v2\/pages\/143\/revisions\/149"}],"wp:attachment":[{"href":"https:\/\/esu-ufe.eu\/fr\/wp-json\/wp\/v2\/media?parent=143"}],"curies":[{"name":"wp","href":"https:\/\/api.w.org\/{rel}","templated":true}]}}